{"id":297,"date":"2023-03-13T13:28:14","date_gmt":"2023-03-13T13:28:14","guid":{"rendered":"https:\/\/genmacranes.com\/?post_type=product&#038;p=297"},"modified":"2023-03-13T13:29:54","modified_gmt":"2023-03-13T13:29:54","slug":"ship-loader","status":"publish","type":"product","link":"https:\/\/genmacranes.com\/en\/product\/ship-loader\/","title":{"rendered":"Ship Loader"},"content":{"rendered":"","protected":false},"excerpt":{"rendered":"<pre id=\"tw-target-text\" class=\"tw-data-text tw-text-large tw-ta\" dir=\"ltr\" data-placeholder=\"Traducci\u00f3n\"><span class=\"Y2IQFc\" lang=\"es\">Materiales aplicables: carb\u00f3n, mineral, grano, az\u00facar en bruto, azufre, arena, cemento, etc.\r\nEficiencia de trabajo: hasta 18.000t\/h.\r\nVentajas del producto: de acuerdo con las necesidades del cliente, se pueden seleccionar soluciones personalizadas personalizadas, como caminar, girar, cabecear, pluma telesc\u00f3pica, operaci\u00f3n de cabina y operaci\u00f3n remota.<\/span><\/pre>\n<div class=\"entm-row_wrap entm-type_gallerySmart\">\n<div class=\"enter_chart_content34\">\n<div class=\"\">\n<div class=\"entm-row_wrap entm-type_galleryItem title_script\">\n<div class=\"entm-row_wrap entm-type_text\"><\/div>\n<\/div>\n<\/div>\n<\/div>\n<\/div>\n<div class=\"entm-row_wrap entm-type_text\">\n<div class=\"entm-field_editor\">\n<table class=\"ke-zeroborder\" border=\"0\" width=\"100%\" cellspacing=\"0\">\n<tbody>\n<tr>\n<td valign=\"center\" width=\"111\">Rated operating efficiency<\/td>\n<td valign=\"center\" width=\"72\">300~10000t\/h<\/td>\n<\/tr>\n<tr>\n<td valign=\"center\">Largest ship type<\/td>\n<td valign=\"center\">400,000DWT<\/td>\n<\/tr>\n<\/tbody>\n<\/table>\n<\/div>\n<\/div>\n<div class=\"entm-row_wrap entm-type_gallerySmart\">\n<div class=\"enter_chart_content34\">\n<div class=\"\">\n<div class=\"entm-row_wrap entm-type_galleryItem title_script\"><\/div>\n<\/div>\n<\/div>\n<\/div>\n<pre id=\"tw-target-text\" class=\"tw-data-text tw-text-large tw-ta\" dir=\"ltr\" data-placeholder=\"Traducci\u00f3n\"><span class=\"Y2IQFc\" lang=\"es\"><strong>Materiales aplicables\r\n<\/strong>Trigo, soja, ma\u00edz, arroz, etc.\r\nCemento, fertilizante qu\u00edmico, polvo de aluminio, carbonato de sodio, etc.\r\nCarb\u00f3n, arena amarilla, mineral, agregado, etc.\r\nContenedores, tanques de GNL, etc.\uff08MHC\uff09<\/span><\/pre>","protected":false},"featured_media":298,"template":"","meta":[],"product_cat":[24],"product_tag":[],"_links":{"self":[{"href":"https:\/\/genmacranes.com\/en\/wp-json\/wp\/v2\/product\/297"}],"collection":[{"href":"https:\/\/genmacranes.com\/en\/wp-json\/wp\/v2\/product"}],"about":[{"href":"https:\/\/genmacranes.com\/en\/wp-json\/wp\/v2\/types\/product"}],"wp:featuredmedia":[{"embeddable":true,"href":"https:\/\/genmacranes.com\/en\/wp-json\/wp\/v2\/media\/298"}],"wp:attachment":[{"href":"https:\/\/genmacranes.com\/en\/wp-json\/wp\/v2\/media?parent=297"}],"wp:term":[{"taxonomy":"product_cat","embeddable":true,"href":"https:\/\/genmacranes.com\/en\/wp-json\/wp\/v2\/product_cat?post=297"},{"taxonomy":"product_tag","embeddable":true,"href":"https:\/\/genmacranes.com\/en\/wp-json\/wp\/v2\/product_tag?post=297"}],"curies":[{"name":"wp","href":"https:\/\/api.w.org\/{rel}","templated":true}]}}